{"id":9,"date":"2021-08-23T22:55:26","date_gmt":"2021-08-23T22:55:26","guid":{"rendered":"http:\/\/nvx:8081\/wp\/spectrochem2021\/?page_id=6"},"modified":"2021-08-23T22:55:26","modified_gmt":"2021-08-23T22:55:26","slug":"sobre","status":"publish","type":"page","link":"https:\/\/spectrochem.com.br\/novo\/sobre\/","title":{"rendered":"Sobre"},"content":{"rendered":"\n<p>A Spectrochem nasceu do conceito de fabricar produtos qu\u00edmicos Brasileiros em substitui\u00e7\u00e3o a similares importados atrav\u00e9s de transfer\u00eancia e desenvolvimento de tecnologias nacionais em parceria com institui\u00e7\u00f5es universit\u00e1rias e funda\u00e7\u00f5es de pesquisa. Aliamos a forma\u00e7\u00e3o de profissionais Brasileiros que juntos hoje formam o conjunto que destaca a Spectrochem como fabricante de argilas especiais Brasileiras com reconhecimento internacional.<\/p>\n\n\n\n<p><strong>Miss\u00e3o<\/strong>&nbsp;Fabricar e comercializar produtos qu\u00edmicos no Brasil, atrav\u00e9s da aquisi\u00e7\u00e3o ou licenciamento de \u201cKnow How\u201d do exterior e desenvolvimento de tecnologia nacional via conv\u00eanios com universidades Brasileiras e funda\u00e7\u00f5es de pesquisa.&nbsp;<\/p>\n\n\n\n<p><strong>Vis\u00e3o<\/strong>&nbsp;Ser o fornecedor de refer\u00eancia do Mercado Brasileiro e regional de argilas organof\u00edlicas oferecendo produtos com qualidade reconhecida a pre\u00e7os competitivos.&nbsp;<\/p>\n\n\n\n<p><strong>Valores<\/strong><\/p>\n\n\n\n<ul class=\"wp-block-list\"><li>Gente \u2013 Nosso maior patrim\u00f4nio<\/li><li>Qualidade em tudo que fazemos<\/li><li>Comprometimento com o cliente<\/li><li>Crescimento com \u00c9tica e Integridade<\/li><li>Responsabilidade Social<\/li><\/ul>\n\n\n\n<p><\/p>\n\n\n\n<p>No nosso dia a dia recebemos os mais diversos contatos em busca de aplica\u00e7\u00f5es que mostram a versatilidade deste material. As aplica\u00e7\u00f5es mais conhecidas e utilizadas est\u00e3o apontadas no nosso site, mas n\u00f3s temos a flexibilidade para desenvolver produtos e aplica\u00e7\u00f5es espec\u00edficas. Entre em contato conosco para quaisquer quest\u00f5es relacionadas aos produtos e aplica\u00e7\u00f5es.<\/p>\n","protected":false},"excerpt":{"rendered":"<p>A Spectrochem nasceu do conceito de fabricar produtos qu\u00edmicos Brasileiros em substitui\u00e7\u00e3o a similares importados atrav\u00e9s de transfer\u00eancia e desenvolvimento de tecnologias nacionais em parceria com institui\u00e7\u00f5es universit\u00e1rias e funda\u00e7\u00f5es de pesquisa. Aliamos a forma\u00e7\u00e3o de profissionais Brasileiros que juntos hoje formam o conjunto que destaca a Spectrochem como fabricante de argilas especiais Brasileiras com [&hellip;]<\/p>\n","protected":false},"author":1,"featured_media":0,"parent":0,"menu_order":0,"comment_status":"closed","ping_status":"closed","template":"","meta":{"footnotes":""},"class_list":["post-9","page","type-page","status-publish","hentry"],"_links":{"self":[{"href":"https:\/\/spectrochem.com.br\/novo\/wp-json\/wp\/v2\/pages\/9","targetHints":{"allow":["GET"]}}],"collection":[{"href":"https:\/\/spectrochem.com.br\/novo\/wp-json\/wp\/v2\/pages"}],"about":[{"href":"https:\/\/spectrochem.com.br\/novo\/wp-json\/wp\/v2\/types\/page"}],"author":[{"embeddable":true,"href":"https:\/\/spectrochem.com.br\/novo\/wp-json\/wp\/v2\/users\/1"}],"replies":[{"embeddable":true,"href":"https:\/\/spectrochem.com.br\/novo\/wp-json\/wp\/v2\/comments?post=9"}],"version-history":[{"count":0,"href":"https:\/\/spectrochem.com.br\/novo\/wp-json\/wp\/v2\/pages\/9\/revisions"}],"wp:attachment":[{"href":"https:\/\/spectrochem.com.br\/novo\/wp-json\/wp\/v2\/media?parent=9"}],"curies":[{"name":"wp","href":"https:\/\/api.w.org\/{rel}","templated":true}]}}