{"id":182,"date":"2021-08-23T22:57:45","date_gmt":"2021-08-24T01:57:45","guid":{"rendered":"http:\/\/nvx:8081\/wp\/spectrochem2021\/?page_id=12"},"modified":"2021-08-23T22:57:45","modified_gmt":"2021-08-24T01:57:45","slug":"qualidade-spectrochem","status":"publish","type":"page","link":"https:\/\/spectrochem.com.br\/novo\/qualidade-spectrochem\/","title":{"rendered":"Qualidade"},"content":{"rendered":"\n<p>Pol\u00edtica da Qualidade Spectrochem&nbsp;<\/p>\n\n\n\n<p>A&nbsp;Spectrochem&nbsp;Ind\u00fastria e Com\u00e9rcio de Aditivos Ltda est\u00e1 comprometida com a satisfa\u00e7\u00e3o de seus clientes atendendo suas necessidades e buscando ir ao encontro destas com base nos seguintes princ\u00edpios:<\/p>\n\n\n\n<p>\u00bb Fornecer produtos de qualidade reconhecida com pontualidade<br>\u00bb&nbsp;Promover a melhoria cont\u00ednua no Sistema de Gest\u00e3o da Qualidade<br>\u00bb&nbsp;Criar e manter um ambiente favor\u00e1vel ao crescimento<br>\u00bb&nbsp;Investir no desenvolvimento dos recursos humanos da organiza\u00e7\u00e3o<\/p>\n\n\n\n<p>A efici\u00eancia e atualiza\u00e7\u00e3o do sistema implantado s\u00e3o garantidas pela dire\u00e7\u00e3o da Spectrochem, atrav\u00e9s de an\u00e1lises cr\u00edticas regulares do Sistema de Gest\u00e3o da Qualidade tomando por base os crit\u00e9rios estabelecidos na NBR ISO 9001:2015.<\/p>\n","protected":false},"excerpt":{"rendered":"<p>Pol\u00edtica da Qualidade Spectrochem&nbsp; A&nbsp;Spectrochem&nbsp;Ind\u00fastria e Com\u00e9rcio de Aditivos Ltda est\u00e1 comprometida com a satisfa\u00e7\u00e3o de seus clientes atendendo suas necessidades e buscando ir ao encontro destas com base nos seguintes princ\u00edpios: \u00bb Fornecer produtos de qualidade reconhecida com pontualidade\u00bb&nbsp;Promover a melhoria cont\u00ednua no Sistema de Gest\u00e3o da Qualidade\u00bb&nbsp;Criar e manter um ambiente favor\u00e1vel ao [&hellip;]<\/p>\n","protected":false},"author":1,"featured_media":0,"parent":0,"menu_order":0,"comment_status":"closed","ping_status":"closed","template":"","meta":{"footnotes":""},"class_list":["post-182","page","type-page","status-publish","hentry"],"_links":{"self":[{"href":"https:\/\/spectrochem.com.br\/novo\/wp-json\/wp\/v2\/pages\/182","targetHints":{"allow":["GET"]}}],"collection":[{"href":"https:\/\/spectrochem.com.br\/novo\/wp-json\/wp\/v2\/pages"}],"about":[{"href":"https:\/\/spectrochem.com.br\/novo\/wp-json\/wp\/v2\/types\/page"}],"author":[{"embeddable":true,"href":"https:\/\/spectrochem.com.br\/novo\/wp-json\/wp\/v2\/users\/1"}],"replies":[{"embeddable":true,"href":"https:\/\/spectrochem.com.br\/novo\/wp-json\/wp\/v2\/comments?post=182"}],"version-history":[{"count":0,"href":"https:\/\/spectrochem.com.br\/novo\/wp-json\/wp\/v2\/pages\/182\/revisions"}],"wp:attachment":[{"href":"https:\/\/spectrochem.com.br\/novo\/wp-json\/wp\/v2\/media?parent=182"}],"curies":[{"name":"wp","href":"https:\/\/api.w.org\/{rel}","templated":true}]}}