{"id":14,"date":"2021-08-23T22:58:08","date_gmt":"2021-08-24T01:58:08","guid":{"rendered":"http:\/\/nvx:8081\/wp\/spectrochem2021\/?page_id=14"},"modified":"2021-08-23T22:58:08","modified_gmt":"2021-08-24T01:58:08","slug":"ped-spectrochem","status":"publish","type":"page","link":"https:\/\/spectrochem.com.br\/novo\/ped-spectrochem\/","title":{"rendered":"Pesquisa e Desenvolvimento"},"content":{"rendered":"\n<p>A\u00a0SPECTROCHEM\u00a0conta com um time t\u00e9cnico especializado em argilas e com uma planta piloto dedicada ao P&amp;D que trabalha em conjunto com o cliente para entregar resultados em tempo recorde.<br><\/p>\n\n\n\n<p>As argilas organof\u00edlicas t\u00eam muitas aplica\u00e7\u00f5es e \u00e9 importante buscar constantemente novas alternativas de produtos, assim com a melhoria cont\u00ednua de seu processo produtivo.<\/p>\n\n\n\n<p><br>Dentro deste conceito a\u00a0SPECTROCHEM\u00a0tem se destacado com solu\u00e7\u00f5es espec\u00edficas para cada cliente e para cada aplica\u00e7\u00e3o, adquirindo novos conhecimentos e desenvolvendo novas tecnologias.<\/p>\n","protected":false},"excerpt":{"rendered":"<p>A\u00a0SPECTROCHEM\u00a0conta com um time t\u00e9cnico especializado em argilas e com uma planta piloto dedicada ao P&amp;D que trabalha em conjunto com o cliente para entregar resultados em tempo recorde. As argilas organof\u00edlicas t\u00eam muitas aplica\u00e7\u00f5es e \u00e9 importante buscar constantemente novas alternativas de produtos, assim com a melhoria cont\u00ednua de seu processo produtivo. Dentro deste [&hellip;]<\/p>\n","protected":false},"author":1,"featured_media":0,"parent":0,"menu_order":0,"comment_status":"closed","ping_status":"closed","template":"","meta":{"footnotes":""},"class_list":["post-14","page","type-page","status-publish","hentry"],"_links":{"self":[{"href":"https:\/\/spectrochem.com.br\/novo\/wp-json\/wp\/v2\/pages\/14","targetHints":{"allow":["GET"]}}],"collection":[{"href":"https:\/\/spectrochem.com.br\/novo\/wp-json\/wp\/v2\/pages"}],"about":[{"href":"https:\/\/spectrochem.com.br\/novo\/wp-json\/wp\/v2\/types\/page"}],"author":[{"embeddable":true,"href":"https:\/\/spectrochem.com.br\/novo\/wp-json\/wp\/v2\/users\/1"}],"replies":[{"embeddable":true,"href":"https:\/\/spectrochem.com.br\/novo\/wp-json\/wp\/v2\/comments?post=14"}],"version-history":[{"count":0,"href":"https:\/\/spectrochem.com.br\/novo\/wp-json\/wp\/v2\/pages\/14\/revisions"}],"wp:attachment":[{"href":"https:\/\/spectrochem.com.br\/novo\/wp-json\/wp\/v2\/media?parent=14"}],"curies":[{"name":"wp","href":"https:\/\/api.w.org\/{rel}","templated":true}]}}